{"id":58,"date":"2020-04-18T09:15:20","date_gmt":"2020-04-18T07:15:20","guid":{"rendered":"http:\/\/www.a-bm.at\/?page_id=58"},"modified":"2021-07-05T09:50:59","modified_gmt":"2021-07-05T07:50:59","slug":"leistungen","status":"publish","type":"page","link":"https:\/\/www.a-bm.at\/?page_id=58","title":{"rendered":"Leistungen"},"content":{"rendered":"\n<div class=\"wp-block-media-text alignwide is-stacked-on-mobile is-vertically-aligned-center\" style=\"grid-template-columns:31% auto\"><figure class=\"wp-block-media-text__media\"><img loading=\"lazy\" decoding=\"async\" width=\"1024\" height=\"925\" src=\"http:\/\/www.a-bm.at\/wp-content\/uploads\/2020\/05\/15.04.2005-5-1024x925.jpg\" alt=\"\" class=\"wp-image-531\" srcset=\"https:\/\/www.a-bm.at\/wp-content\/uploads\/2020\/05\/15.04.2005-5-1024x925.jpg 1024w, https:\/\/www.a-bm.at\/wp-content\/uploads\/2020\/05\/15.04.2005-5-300x271.jpg 300w, https:\/\/www.a-bm.at\/wp-content\/uploads\/2020\/05\/15.04.2005-5-768x694.jpg 768w, https:\/\/www.a-bm.at\/wp-content\/uploads\/2020\/05\/15.04.2005-5-1536x1387.jpg 1536w, https:\/\/www.a-bm.at\/wp-content\/uploads\/2020\/05\/15.04.2005-5-830x750.jpg 830w, https:\/\/www.a-bm.at\/wp-content\/uploads\/2020\/05\/15.04.2005-5-230x208.jpg 230w, https:\/\/www.a-bm.at\/wp-content\/uploads\/2020\/05\/15.04.2005-5-350x316.jpg 350w, https:\/\/www.a-bm.at\/wp-content\/uploads\/2020\/05\/15.04.2005-5-480x434.jpg 480w, https:\/\/www.a-bm.at\/wp-content\/uploads\/2020\/05\/15.04.2005-5.jpg 1704w\" sizes=\"auto, (max-width: 1024px) 100vw, 1024px\" \/><\/figure><div class=\"wp-block-media-text__content\">\n<h3 class=\"wp-block-heading\"> Leistungen:<\/h3>\n\n\n\n<ul class=\"wp-block-list\"><li>Entwurf, Einreichung und Ausf\u00fchrungsplanung<\/li><li>Baukostenplanung, Kostensch\u00e4tzung nach \u00d6N B1801-1<\/li><li>Ausschreibung (Leistungsverzeichnisse, Kostenermittlungsgrundlagen)<\/li><li>\u00f6rtliche Bauaufsicht (Bauleitung)<\/li><li>technische und gesch\u00e4ftliche Oberleitung<\/li><li>Projektmanagement, Projektleitung und Projektsteuerung<\/li><li>begleitende Kontrolle<\/li><\/ul>\n<\/div><\/div>\n\n\n\n<p><\/p>\n","protected":false},"excerpt":{"rendered":"<p>Leistungen: Entwurf, Einreichung und Ausf\u00fchrungsplanung Baukostenplanung, Kostensch\u00e4tzung nach \u00d6N B1801-1 Ausschreibung (Leistungsverzeichnisse, Kostenermittlungsgrundlagen) \u00f6rtliche Bauaufsicht (Bauleitung) technische und gesch\u00e4ftliche Oberleitung Projektmanagement, Projektleitung und Projektsteuerung begleitende Kontrolle<\/p>\n","protected":false},"author":1,"featured_media":0,"parent":0,"menu_order":0,"comment_status":"closed","ping_status":"closed","template":"page-templates\/page_fullwidth.php","meta":{"_acf_changed":false,"footnotes":""},"class_list":["post-58","page","type-page","status-publish","hentry"],"acf":[],"_links":{"self":[{"href":"https:\/\/www.a-bm.at\/index.php?rest_route=\/wp\/v2\/pages\/58","targetHints":{"allow":["GET"]}}],"collection":[{"href":"https:\/\/www.a-bm.at\/index.php?rest_route=\/wp\/v2\/pages"}],"about":[{"href":"https:\/\/www.a-bm.at\/index.php?rest_route=\/wp\/v2\/types\/page"}],"author":[{"embeddable":true,"href":"https:\/\/www.a-bm.at\/index.php?rest_route=\/wp\/v2\/users\/1"}],"replies":[{"embeddable":true,"href":"https:\/\/www.a-bm.at\/index.php?rest_route=%2Fwp%2Fv2%2Fcomments&post=58"}],"version-history":[{"count":27,"href":"https:\/\/www.a-bm.at\/index.php?rest_route=\/wp\/v2\/pages\/58\/revisions"}],"predecessor-version":[{"id":691,"href":"https:\/\/www.a-bm.at\/index.php?rest_route=\/wp\/v2\/pages\/58\/revisions\/691"}],"wp:attachment":[{"href":"https:\/\/www.a-bm.at\/index.php?rest_route=%2Fwp%2Fv2%2Fmedia&parent=58"}],"curies":[{"name":"wp","href":"https:\/\/api.w.org\/{rel}","templated":true}]}}