{"id":492,"date":"2020-05-01T09:12:57","date_gmt":"2020-05-01T07:12:57","guid":{"rendered":"http:\/\/www.a-bm.at\/?page_id=492"},"modified":"2021-07-07T17:41:05","modified_gmt":"2021-07-07T15:41:05","slug":"wohnhausanlage-schoerfling","status":"publish","type":"page","link":"https:\/\/www.a-bm.at\/?page_id=492","title":{"rendered":"Wohnhausanlage Sch\u00f6rfling"},"content":{"rendered":"\n<div class=\"wp-block-media-text alignwide is-stacked-on-mobile\" style=\"grid-template-columns:58% auto\"><figure class=\"wp-block-media-text__media\"><img loading=\"lazy\" decoding=\"async\" width=\"1024\" height=\"680\" src=\"http:\/\/www.a-bm.at\/wp-content\/uploads\/2020\/05\/1-1024x680.jpg\" alt=\"\" class=\"wp-image-493\" srcset=\"https:\/\/www.a-bm.at\/wp-content\/uploads\/2020\/05\/1-1024x680.jpg 1024w, https:\/\/www.a-bm.at\/wp-content\/uploads\/2020\/05\/1-300x199.jpg 300w, https:\/\/www.a-bm.at\/wp-content\/uploads\/2020\/05\/1-768x510.jpg 768w, https:\/\/www.a-bm.at\/wp-content\/uploads\/2020\/05\/1-1536x1020.jpg 1536w, https:\/\/www.a-bm.at\/wp-content\/uploads\/2020\/05\/1-2048x1360.jpg 2048w, https:\/\/www.a-bm.at\/wp-content\/uploads\/2020\/05\/1-830x551.jpg 830w, https:\/\/www.a-bm.at\/wp-content\/uploads\/2020\/05\/1-230x153.jpg 230w, https:\/\/www.a-bm.at\/wp-content\/uploads\/2020\/05\/1-350x232.jpg 350w, https:\/\/www.a-bm.at\/wp-content\/uploads\/2020\/05\/1-480x319.jpg 480w\" sizes=\"auto, (max-width: 1024px) 100vw, 1024px\" \/><\/figure><div class=\"wp-block-media-text__content\">\n<h3 class=\"wp-block-heading\">Wohnhausanlage Sch\u00f6rfling<\/h3>\n\n\n\n<ul class=\"wp-block-list\"><li>Projektmanagement (Projektleitung und Projektsteuerung)<\/li><li>Kostenermittlungsgrundlagen<\/li><li>technische und gesch\u00e4ftliche Oberleitung<\/li><li>\u00f6rtliche Bauaufsicht<\/li><\/ul>\n<\/div><\/div>\n\n\n\n<hr class=\"wp-block-separator\"\/>\n\n\n\n<figure class=\"wp-block-gallery alignwide columns-3 is-cropped wp-block-gallery-1 is-layout-flex wp-block-gallery-is-layout-flex\"><ul class=\"blocks-gallery-grid\"><li class=\"blocks-gallery-item\"><figure><a href=\"http:\/\/www.a-bm.at\/wp-content\/uploads\/2020\/05\/2-1-1-scaled.jpg\"><img loading=\"lazy\" decoding=\"async\" width=\"1024\" height=\"768\" src=\"http:\/\/www.a-bm.at\/wp-content\/uploads\/2020\/05\/2-1-1-1024x768.jpg\" alt=\"\" data-id=\"574\" data-full-url=\"http:\/\/www.a-bm.at\/wp-content\/uploads\/2020\/05\/2-1-1-scaled.jpg\" data-link=\"http:\/\/www.a-bm.at\/?attachment_id=574\" class=\"wp-image-574\" srcset=\"https:\/\/www.a-bm.at\/wp-content\/uploads\/2020\/05\/2-1-1-1024x768.jpg 1024w, https:\/\/www.a-bm.at\/wp-content\/uploads\/2020\/05\/2-1-1-300x225.jpg 300w, https:\/\/www.a-bm.at\/wp-content\/uploads\/2020\/05\/2-1-1-768x576.jpg 768w, https:\/\/www.a-bm.at\/wp-content\/uploads\/2020\/05\/2-1-1-1536x1152.jpg 1536w, https:\/\/www.a-bm.at\/wp-content\/uploads\/2020\/05\/2-1-1-2048x1536.jpg 2048w, https:\/\/www.a-bm.at\/wp-content\/uploads\/2020\/05\/2-1-1-830x623.jpg 830w, https:\/\/www.a-bm.at\/wp-content\/uploads\/2020\/05\/2-1-1-230x173.jpg 230w, https:\/\/www.a-bm.at\/wp-content\/uploads\/2020\/05\/2-1-1-350x263.jpg 350w, https:\/\/www.a-bm.at\/wp-content\/uploads\/2020\/05\/2-1-1-480x360.jpg 480w\" sizes=\"auto, (max-width: 1024px) 100vw, 1024px\" \/><\/a><\/figure><\/li><li class=\"blocks-gallery-item\"><figure><a href=\"http:\/\/www.a-bm.at\/wp-content\/uploads\/2020\/05\/3-scaled.jpg\"><img loading=\"lazy\" decoding=\"async\" width=\"1024\" height=\"576\" src=\"http:\/\/www.a-bm.at\/wp-content\/uploads\/2020\/05\/3-1024x576.jpg\" alt=\"\" data-id=\"496\" data-full-url=\"http:\/\/www.a-bm.at\/wp-content\/uploads\/2020\/05\/3-scaled.jpg\" data-link=\"http:\/\/www.a-bm.at\/?attachment_id=496\" class=\"wp-image-496\" srcset=\"https:\/\/www.a-bm.at\/wp-content\/uploads\/2020\/05\/3-1024x576.jpg 1024w, https:\/\/www.a-bm.at\/wp-content\/uploads\/2020\/05\/3-300x169.jpg 300w, https:\/\/www.a-bm.at\/wp-content\/uploads\/2020\/05\/3-768x432.jpg 768w, https:\/\/www.a-bm.at\/wp-content\/uploads\/2020\/05\/3-1536x864.jpg 1536w, https:\/\/www.a-bm.at\/wp-content\/uploads\/2020\/05\/3-2048x1152.jpg 2048w, https:\/\/www.a-bm.at\/wp-content\/uploads\/2020\/05\/3-830x467.jpg 830w, https:\/\/www.a-bm.at\/wp-content\/uploads\/2020\/05\/3-230x129.jpg 230w, https:\/\/www.a-bm.at\/wp-content\/uploads\/2020\/05\/3-350x197.jpg 350w, https:\/\/www.a-bm.at\/wp-content\/uploads\/2020\/05\/3-480x270.jpg 480w\" sizes=\"auto, (max-width: 1024px) 100vw, 1024px\" \/><\/a><\/figure><\/li><li class=\"blocks-gallery-item\"><figure><a href=\"http:\/\/www.a-bm.at\/wp-content\/uploads\/2020\/05\/4-scaled.jpg\"><img loading=\"lazy\" decoding=\"async\" width=\"1024\" height=\"559\" src=\"http:\/\/www.a-bm.at\/wp-content\/uploads\/2020\/05\/4-1024x559.jpg\" alt=\"\" data-id=\"497\" data-full-url=\"http:\/\/www.a-bm.at\/wp-content\/uploads\/2020\/05\/4-scaled.jpg\" data-link=\"http:\/\/www.a-bm.at\/?attachment_id=497\" class=\"wp-image-497\" srcset=\"https:\/\/www.a-bm.at\/wp-content\/uploads\/2020\/05\/4-1024x559.jpg 1024w, https:\/\/www.a-bm.at\/wp-content\/uploads\/2020\/05\/4-300x164.jpg 300w, https:\/\/www.a-bm.at\/wp-content\/uploads\/2020\/05\/4-768x420.jpg 768w, https:\/\/www.a-bm.at\/wp-content\/uploads\/2020\/05\/4-1536x839.jpg 1536w, https:\/\/www.a-bm.at\/wp-content\/uploads\/2020\/05\/4-2048x1119.jpg 2048w, https:\/\/www.a-bm.at\/wp-content\/uploads\/2020\/05\/4-830x453.jpg 830w, https:\/\/www.a-bm.at\/wp-content\/uploads\/2020\/05\/4-230x126.jpg 230w, https:\/\/www.a-bm.at\/wp-content\/uploads\/2020\/05\/4-350x191.jpg 350w, https:\/\/www.a-bm.at\/wp-content\/uploads\/2020\/05\/4-480x262.jpg 480w\" sizes=\"auto, (max-width: 1024px) 100vw, 1024px\" \/><\/a><\/figure><\/li><\/ul><\/figure>\n","protected":false},"excerpt":{"rendered":"<p>Wohnhausanlage Sch\u00f6rfling Projektmanagement (Projektleitung und Projektsteuerung) Kostenermittlungsgrundlagen technische und gesch\u00e4ftliche Oberleitung \u00f6rtliche Bauaufsicht<\/p>\n","protected":false},"author":1,"featured_media":0,"parent":0,"menu_order":0,"comment_status":"closed","ping_status":"closed","template":"page-templates\/page_fullwidth.php","meta":{"_acf_changed":false,"footnotes":""},"class_list":["post-492","page","type-page","status-publish","hentry"],"acf":[],"_links":{"self":[{"href":"https:\/\/www.a-bm.at\/index.php?rest_route=\/wp\/v2\/pages\/492","targetHints":{"allow":["GET"]}}],"collection":[{"href":"https:\/\/www.a-bm.at\/index.php?rest_route=\/wp\/v2\/pages"}],"about":[{"href":"https:\/\/www.a-bm.at\/index.php?rest_route=\/wp\/v2\/types\/page"}],"author":[{"embeddable":true,"href":"https:\/\/www.a-bm.at\/index.php?rest_route=\/wp\/v2\/users\/1"}],"replies":[{"embeddable":true,"href":"https:\/\/www.a-bm.at\/index.php?rest_route=%2Fwp%2Fv2%2Fcomments&post=492"}],"version-history":[{"count":3,"href":"https:\/\/www.a-bm.at\/index.php?rest_route=\/wp\/v2\/pages\/492\/revisions"}],"predecessor-version":[{"id":720,"href":"https:\/\/www.a-bm.at\/index.php?rest_route=\/wp\/v2\/pages\/492\/revisions\/720"}],"wp:attachment":[{"href":"https:\/\/www.a-bm.at\/index.php?rest_route=%2Fwp%2Fv2%2Fmedia&parent=492"}],"curies":[{"name":"wp","href":"https:\/\/api.w.org\/{rel}","templated":true}]}}