{"id":337,"date":"2020-04-24T13:44:48","date_gmt":"2020-04-24T11:44:48","guid":{"rendered":"http:\/\/www.a-bm.at\/?page_id=337"},"modified":"2021-07-07T19:35:15","modified_gmt":"2021-07-07T17:35:15","slug":"ueber-mich","status":"publish","type":"page","link":"https:\/\/www.a-bm.at\/?page_id=337","title":{"rendered":"\u00dcber mich"},"content":{"rendered":"\n<div class=\"wp-block-media-text alignfull is-stacked-on-mobile is-vertically-aligned-center\"><figure class=\"wp-block-media-text__media\"><img loading=\"lazy\" decoding=\"async\" width=\"952\" height=\"719\" src=\"http:\/\/www.a-bm.at\/wp-content\/uploads\/2020\/04\/J\u00fcrgen.png\" alt=\"\" class=\"wp-image-367\" srcset=\"https:\/\/www.a-bm.at\/wp-content\/uploads\/2020\/04\/J\u00fcrgen.png 952w, https:\/\/www.a-bm.at\/wp-content\/uploads\/2020\/04\/J\u00fcrgen-300x227.png 300w, https:\/\/www.a-bm.at\/wp-content\/uploads\/2020\/04\/J\u00fcrgen-768x580.png 768w, https:\/\/www.a-bm.at\/wp-content\/uploads\/2020\/04\/J\u00fcrgen-830x627.png 830w, https:\/\/www.a-bm.at\/wp-content\/uploads\/2020\/04\/J\u00fcrgen-230x174.png 230w, https:\/\/www.a-bm.at\/wp-content\/uploads\/2020\/04\/J\u00fcrgen-350x264.png 350w, https:\/\/www.a-bm.at\/wp-content\/uploads\/2020\/04\/J\u00fcrgen-480x363.png 480w\" sizes=\"auto, (max-width: 952px) 100vw, 952px\" \/><\/figure><div class=\"wp-block-media-text__content\">\n<h1 class=\"wp-block-heading\">J\u00fcrgen Almhofer<\/h1>\n\n\n\n<p><strong>Dipl. Ing. (FH) f\u00fcr Bauingenieurwesen und Baumanagement<br>Baumeister<\/strong><\/p>\n\n\n\n<ul class=\"wp-block-list\"><li>1979 in Gmunden geboren<\/li><li>HTL Hochbau Krems<\/li><li>Studium an der FH-Bau Wien &#8211;\u00a0Bauingenieurwesen und Baumanagement<ul><li>Diplomarbeit &#8222;Kostenmanagement bei Immobilienprojekten&#8220;<\/li><\/ul><\/li><li>1999 bis 2014 in der auftraggeberseitigen Bauprojektabwicklung (Planung, Baumanagement, \u00d6BA)<\/li><li>2010 bis 2014 Studium Architektur an der Kunstuniversit\u00e4t Linz<\/li><li>2011 Baumeisterpr\u00fcfung<\/li><li>2014 bis 2018 Abteilungsleiter Hochbau Stern &amp; Hafferl Bau Gmunden<\/li><li>2018 bis Mitte 2020 Betriebsleiter\u00a0Stern &amp; Hafferl Bau Gmunden<\/li><li>ab Mitte 2020 selbstst\u00e4ndig im Bereich Bauplanung, Ausschreibung und Bauaufsicht<\/li><\/ul>\n<\/div><\/div>\n","protected":false},"excerpt":{"rendered":"<p>J\u00fcrgen Almhofer Dipl. Ing. (FH) f\u00fcr Bauingenieurwesen und BaumanagementBaumeister 1979 in Gmunden geboren HTL Hochbau Krems Studium an der FH-Bau Wien &#8211;\u00a0Bauingenieurwesen und Baumanagement Diplomarbeit &#8222;Kostenmanagement bei Immobilienprojekten&#8220; 1999 bis 2014 in der auftraggeberseitigen Bauprojektabwicklung (Planung, Baumanagement, \u00d6BA) 2010 bis 2014 Studium Architektur an der Kunstuniversit\u00e4t Linz 2011 Baumeisterpr\u00fcfung 2014 bis 2018 Abteilungsleiter Hochbau Stern [&hellip;]<\/p>\n","protected":false},"author":1,"featured_media":0,"parent":0,"menu_order":0,"comment_status":"closed","ping_status":"closed","template":"page-templates\/page_fullwidth.php","meta":{"_acf_changed":false,"footnotes":""},"class_list":["post-337","page","type-page","status-publish","hentry"],"acf":[],"_links":{"self":[{"href":"https:\/\/www.a-bm.at\/index.php?rest_route=\/wp\/v2\/pages\/337","targetHints":{"allow":["GET"]}}],"collection":[{"href":"https:\/\/www.a-bm.at\/index.php?rest_route=\/wp\/v2\/pages"}],"about":[{"href":"https:\/\/www.a-bm.at\/index.php?rest_route=\/wp\/v2\/types\/page"}],"author":[{"embeddable":true,"href":"https:\/\/www.a-bm.at\/index.php?rest_route=\/wp\/v2\/users\/1"}],"replies":[{"embeddable":true,"href":"https:\/\/www.a-bm.at\/index.php?rest_route=%2Fwp%2Fv2%2Fcomments&post=337"}],"version-history":[{"count":12,"href":"https:\/\/www.a-bm.at\/index.php?rest_route=\/wp\/v2\/pages\/337\/revisions"}],"predecessor-version":[{"id":722,"href":"https:\/\/www.a-bm.at\/index.php?rest_route=\/wp\/v2\/pages\/337\/revisions\/722"}],"wp:attachment":[{"href":"https:\/\/www.a-bm.at\/index.php?rest_route=%2Fwp%2Fv2%2Fmedia&parent=337"}],"curies":[{"name":"wp","href":"https:\/\/api.w.org\/{rel}","templated":true}]}}